{"id":1432,"date":"2024-08-17T16:36:30","date_gmt":"2024-08-17T16:36:30","guid":{"rendered":"https:\/\/wpriverthemes.com\/gymfito\/?page_id=1432"},"modified":"2024-10-22T00:59:10","modified_gmt":"2024-10-21T21:59:10","slug":"contact","status":"publish","type":"page","link":"https:\/\/secursports.com\/?page_id=1432","title":{"rendered":"\u0130leti\u015fim"},"content":{"rendered":"\t\t<div data-elementor-type=\"wp-page\" data-elementor-id=\"1432\" class=\"elementor elementor-1432\" data-elementor-post-type=\"page\">\n\t\t\t\t<div class=\"elementor-element elementor-element-a1b6295 e-flex e-con-boxed e-con e-parent\" data-id=\"a1b6295\" data-element_type=\"container\" data-settings=\"{&quot;background_background&quot;:&quot;classic&quot;}\">\n\t\t\t\t\t<div class=\"e-con-inner\">\n\t\t\t\t<div class=\"elementor-element elementor-element-772f36c elementor-widget elementor-widget-google_maps\" data-id=\"772f36c\" data-element_type=\"widget\" data-widget_type=\"google_maps.default\">\n\t\t\t\t<div class=\"elementor-widget-container\">\n\t\t\t\t\t<div class=\"elementor-custom-embed\">\n\t\t\t<iframe loading=\"lazy\"\n\t\t\t\t\tsrc=\"https:\/\/maps.google.com\/maps?q=288%2F1%20sk%20no%3A14%2F62%20mansuro%C4%9Flu%20bayrakl%C4%B1%20emino%C4%9Flu%20plaza&#038;t=m&#038;z=12&#038;output=embed&#038;iwloc=near\"\n\t\t\t\t\ttitle=\"288\/1 sk no:14\/62 mansuro\u011flu bayrakl\u0131 emino\u011flu plaza\"\n\t\t\t\t\taria-label=\"288\/1 sk no:14\/62 mansuro\u011flu bayrakl\u0131 emino\u011flu plaza\"\n\t\t\t><\/iframe>\n\t\t<\/div>\n\t\t\t\t<\/div>\n\t\t\t\t<\/div>\n\t\t\t\t\t<\/div>\n\t\t\t\t<\/div>\n\t\t<div class=\"elementor-element elementor-element-31312d1 e-flex e-con-boxed e-con e-parent\" data-id=\"31312d1\" data-element_type=\"container\" data-settings=\"{&quot;background_background&quot;:&quot;classic&quot;}\">\n\t\t\t\t\t<div class=\"e-con-inner\">\n\t\t<div class=\"elementor-element elementor-element-6407beb e-con-full e-flex e-con e-child\" data-id=\"6407beb\" data-element_type=\"container\">\n\t\t\t\t<div class=\"elementor-element elementor-element-d47afa6 elementor-widget elementor-widget-heading\" data-id=\"d47afa6\" data-element_type=\"widget\" data-widget_type=\"heading.default\">\n\t\t\t\t<div class=\"elementor-widget-container\">\n\t\t\t<h3 class=\"elementor-heading-title elementor-size-default\">Lokasyon &amp; \u0130leti\u015fim<\/h3>\t\t<\/div>\n\t\t\t\t<\/div>\n\t\t\t\t<div class=\"elementor-element elementor-element-a3a5e3a elementor-widget elementor-widget-text-editor\" data-id=\"a3a5e3a\" data-element_type=\"widget\" data-widget_type=\"text-editor.default\">\n\t\t\t\t<div class=\"elementor-widget-container\">\n\t\t\t\t\t\t\t<p>Adres: 288\/1 sk no:14\/62 K:6 mansuro\u011flu bayrakl\u0131 emino\u011flu\u00a0plaza<br \/>Bayrakl\u0131\/\u0130zmir<\/p><p>Telefon: 0(232) 232 35 63<\/p><h3 class=\"title\">\u00a0<\/h3>\t\t\t\t\t\t<\/div>\n\t\t\t\t<\/div>\n\t\t\t\t<\/div>\n\t\t<div class=\"elementor-element elementor-element-6bcf9a7 e-con-full e-flex e-con e-child\" data-id=\"6bcf9a7\" data-element_type=\"container\">\n\t\t\t\t<div class=\"elementor-element elementor-element-711a285 elementor-widget elementor-widget-heading\" data-id=\"711a285\" data-element_type=\"widget\" data-widget_type=\"heading.default\">\n\t\t\t\t<div class=\"elementor-widget-container\">\n\t\t\t<h3 class=\"elementor-heading-title elementor-size-default\">Bize Ula\u015f\u0131n<\/h3>\t\t<\/div>\n\t\t\t\t<\/div>\n\t\t\t\t<div class=\"elementor-element elementor-element-a97fe1c elementor-widget elementor-widget-shortcode\" data-id=\"a97fe1c\" data-element_type=\"widget\" data-widget_type=\"shortcode.default\">\n\t\t\t\t<div class=\"elementor-widget-container\">\n\t\t\t\t\t<div class=\"elementor-shortcode\">\n<div class=\"wpcf7 no-js\" id=\"wpcf7-f1592-o1\" lang=\"en-US\" dir=\"ltr\" data-wpcf7-id=\"1592\">\n<div class=\"screen-reader-response\"><p role=\"status\" aria-live=\"polite\" aria-atomic=\"true\"><\/p> <ul><\/ul><\/div>\n<form action=\"\/index.php?rest_route=%2Fwp%2Fv2%2Fpages%2F1432#wpcf7-f1592-o1\" method=\"post\" class=\"wpcf7-form init\" aria-label=\"Contact form\" novalidate=\"novalidate\" data-status=\"init\">\n<div style=\"display: none;\">\n<input type=\"hidden\" name=\"_wpcf7\" value=\"1592\" \/>\n<input type=\"hidden\" name=\"_wpcf7_version\" value=\"6.0.1\" \/>\n<input type=\"hidden\" name=\"_wpcf7_locale\" value=\"en_US\" \/>\n<input type=\"hidden\" name=\"_wpcf7_unit_tag\" value=\"wpcf7-f1592-o1\" \/>\n<input type=\"hidden\" name=\"_wpcf7_container_post\" value=\"0\" \/>\n<input type=\"hidden\" name=\"_wpcf7_posted_data_hash\" value=\"\" \/>\n<\/div>\n<div class=\"row\">\n<div class=\"col-6\">\n<span class=\"wpcf7-form-control-wrap\" data-name=\"name1\"><input size=\"40\" maxlength=\"400\" class=\"wpcf7-form-control wpcf7-text wpcf7-validates-as-required form-control style1 color2 type2\" aria-required=\"true\" aria-invalid=\"false\" placeholder=\"Ad\u0131n\u0131z ve Soyad\u0131n\u0131z...\" value=\"\" type=\"text\" name=\"name1\" \/><\/span>\n<\/div>\n<div class=\"col-6\">\n<span class=\"wpcf7-form-control-wrap\" data-name=\"email1\"><input size=\"40\" maxlength=\"400\" class=\"wpcf7-form-control wpcf7-email wpcf7-validates-as-required wpcf7-text wpcf7-validates-as-email form-control style1 color2 type2\" aria-required=\"true\" aria-invalid=\"false\" placeholder=\"mail Adresiniz...\" value=\"\" type=\"email\" name=\"email1\" \/><\/span>\n<\/div>\n<\/div>\n<span class=\"wpcf7-form-control-wrap\" data-name=\"tel-394\"><input size=\"40\" maxlength=\"400\" class=\"wpcf7-form-control wpcf7-tel wpcf7-validates-as-required wpcf7-text wpcf7-validates-as-tel form-control style1 color2 type2\" aria-required=\"true\" aria-invalid=\"false\" placeholder=\"Telefon No...\" value=\"\" type=\"tel\" name=\"tel-394\" \/><\/span>\n<span class=\"wpcf7-form-control-wrap\" data-name=\"comment\"><textarea cols=\"40\" rows=\"10\" maxlength=\"2000\" class=\"wpcf7-form-control wpcf7-textarea wpcf7-validates-as-required form-control style1 color2 type2\" id=\"Comment\" aria-required=\"true\" aria-invalid=\"false\" placeholder=\"Mesaj\u0131n\u0131z...\" name=\"comment\"><\/textarea><\/span>\n<button type=\"submit\" class=\"button-primary mt-3\">\nG\u00f6nder\n<span class=\"icon\"><svg xmlns=\"http:\/\/www.w3.org\/2000\/svg\" width=\"16\" height=\"20\"\nviewBox=\"0 0 16 20\" fill=\"none\">\n<g clip-path=\"url(#clip0_1735_935)\">\n<path fill-rule=\"evenodd\" clip-rule=\"evenodd\"\nd=\"M0.585999 18.938L9.586 9.93799L0.585999 0.937988H6.99073L15.9907 9.93799L6.99073 18.938H0.585999Z\"\nfill=\"white\" \/>\n<\/g>\n<defs>\n<clipPath id=\"clip0_1735_935\">\n<rect width=\"16\" height=\"19\" fill=\"white\" transform=\"translate(0 0.5)\" \/>\n<\/clipPath>\n<\/defs>\n<\/svg>\n<\/span>\n<\/button><div class=\"wpcf7-response-output\" aria-hidden=\"true\"><\/div>\n<\/form>\n<\/div>\n<\/div>\n\t\t\t\t<\/div>\n\t\t\t\t<\/div>\n\t\t\t\t<\/div>\n\t\t\t\t\t<\/div>\n\t\t\t\t<\/div>\n\t\t<div class=\"elementor-element elementor-element-f8877fb e-flex e-con-boxed e-con e-parent\" data-id=\"f8877fb\" data-element_type=\"container\">\n\t\t\t\t\t<div class=\"e-con-inner\">\n\t\t\t\t\t<\/div>\n\t\t\t\t<\/div>\n\t\t\t\t<\/div>\n\t\t","protected":false},"excerpt":{"rendered":"<p>Lokasyon &amp; \u0130leti\u015fim Adres: 288\/1 sk no:14\/62 K:6 mansuro\u011flu bayrakl\u0131 emino\u011flu\u00a0plazaBayrakl\u0131\/\u0130zmir Telefon: 0(232) 232 35 63 \u00a0 Bize Ula\u015f\u0131n<\/p>\n","protected":false},"author":1,"featured_media":0,"parent":0,"menu_order":0,"comment_status":"closed","ping_status":"closed","template":"page-templates\/other-pages.php","meta":{"footnotes":""},"class_list":["post-1432","page","type-page","status-publish","hentry"],"_links":{"self":[{"href":"https:\/\/secursports.com\/index.php?rest_route=\/wp\/v2\/pages\/1432","targetHints":{"allow":["GET"]}}],"collection":[{"href":"https:\/\/secursports.com\/index.php?rest_route=\/wp\/v2\/pages"}],"about":[{"href":"https:\/\/secursports.com\/index.php?rest_route=\/wp\/v2\/types\/page"}],"author":[{"embeddable":true,"href":"https:\/\/secursports.com\/index.php?rest_route=\/wp\/v2\/users\/1"}],"replies":[{"embeddable":true,"href":"https:\/\/secursports.com\/index.php?rest_route=%2Fwp%2Fv2%2Fcomments&post=1432"}],"version-history":[{"count":29,"href":"https:\/\/secursports.com\/index.php?rest_route=\/wp\/v2\/pages\/1432\/revisions"}],"predecessor-version":[{"id":2360,"href":"https:\/\/secursports.com\/index.php?rest_route=\/wp\/v2\/pages\/1432\/revisions\/2360"}],"wp:attachment":[{"href":"https:\/\/secursports.com\/index.php?rest_route=%2Fwp%2Fv2%2Fmedia&parent=1432"}],"curies":[{"name":"wp","href":"https:\/\/api.w.org\/{rel}","templated":true}]}}