{"id":2447,"date":"2024-10-22T22:59:51","date_gmt":"2024-10-22T19:59:51","guid":{"rendered":"https:\/\/secursports.com\/secure\/?page_id=2447"},"modified":"2024-11-28T09:38:21","modified_gmt":"2024-11-28T06:38:21","slug":"sporcu-beslenmesi2","status":"publish","type":"page","link":"https:\/\/secursports.com\/?page_id=2447","title":{"rendered":"Sporcu Beslenmesi2"},"content":{"rendered":"\t\t<div data-elementor-type=\"wp-page\" data-elementor-id=\"2447\" class=\"elementor elementor-2447\" data-elementor-post-type=\"page\">\n\t\t\t\t<div class=\"elementor-element elementor-element-5ec72ba e-flex e-con-boxed e-con e-parent\" data-id=\"5ec72ba\" data-element_type=\"container\" data-settings=\"{&quot;background_background&quot;:&quot;classic&quot;}\">\n\t\t\t\t\t<div class=\"e-con-inner\">\n\t\t\t\t<div class=\"elementor-element elementor-element-51a69a7 elementor-widget elementor-widget-gymfito_bmi_sliding_text\" data-id=\"51a69a7\" data-element_type=\"widget\" data-widget_type=\"gymfito_bmi_sliding_text.default\">\n\t\t\t\t<div class=\"elementor-widget-container\">\n\t\t\t\n        <div class=\"ak-height-135 ak-height-lg-80\"><\/div>\n        <section class=\"sliding-text type2\">\n            <div class=\"moving-section-wrap type2 ak-normal text-uppercase\">\n                <div class=\"moving-section-in\">\n                    <div class=\"moving-section\">\n                        <h4 class=\"moving-text type2\">\n                                                            <span>-SPORA YEN\u0130 BA\u015eLAYANLAR \u0130\u00c7\u0130N YEMEK VE BESLENME\u00a0\u00d6NER\u0130LER\u0130<\/span>\n                                                    <\/h4>\n                    <\/div>\n                    <div class=\"moving-section\">\n                        <h4 class=\"moving-text type2\">\n                                                            <span>-SPORA YEN\u0130 BA\u015eLAYANLAR \u0130\u00c7\u0130N YEMEK VE BESLENME\u00a0\u00d6NER\u0130LER\u0130<\/span>\n                                                    <\/h4>\n                    <\/div>\n                <\/div>\n            <\/div>\n        <\/section>\n\n        \t\t<\/div>\n\t\t\t\t<\/div>\n\t\t\t\t\t<\/div>\n\t\t\t\t<\/div>\n\t\t<div class=\"elementor-element elementor-element-6900269 e-flex e-con-boxed e-con e-parent\" data-id=\"6900269\" data-element_type=\"container\" data-settings=\"{&quot;background_background&quot;:&quot;classic&quot;}\">\n\t\t\t\t\t<div class=\"e-con-inner\">\n\t\t<div class=\"elementor-element elementor-element-2c751d4 e-con-full e-flex e-con e-child\" data-id=\"2c751d4\" data-element_type=\"container\">\n\t\t\t\t<div class=\"elementor-element elementor-element-3973a5b elementor-widget elementor-widget-image\" data-id=\"3973a5b\" data-element_type=\"widget\" data-widget_type=\"image.default\">\n\t\t\t\t<div class=\"elementor-widget-container\">\n\t\t\t\t\t\t\t\t\t\t\t\t\t<img fetchpriority=\"high\" decoding=\"async\" width=\"858\" height=\"357\" src=\"https:\/\/secursports.com\/wp-content\/uploads\/2024\/11\/IMG-20241121-WA0028.jpg\" class=\"attachment-large size-large wp-image-2758\" alt=\"\" srcset=\"https:\/\/secursports.com\/wp-content\/uploads\/2024\/11\/IMG-20241121-WA0028.jpg 858w, https:\/\/secursports.com\/wp-content\/uploads\/2024\/11\/IMG-20241121-WA0028-300x125.jpg 300w, https:\/\/secursports.com\/wp-content\/uploads\/2024\/11\/IMG-20241121-WA0028-768x320.jpg 768w, https:\/\/secursports.com\/wp-content\/uploads\/2024\/11\/IMG-20241121-WA0028-200x83.jpg 200w\" sizes=\"(max-width: 858px) 100vw, 858px\" \/>\t\t\t\t\t\t\t\t\t\t\t\t\t<\/div>\n\t\t\t\t<\/div>\n\t\t\t\t<\/div>\n\t\t<div class=\"elementor-element elementor-element-08a4209 e-con-full e-flex e-con e-child\" data-id=\"08a4209\" data-element_type=\"container\">\n\t\t\t\t<div class=\"elementor-element elementor-element-5000ae4 elementor-widget elementor-widget-text-editor\" data-id=\"5000ae4\" data-element_type=\"widget\" data-widget_type=\"text-editor.default\">\n\t\t\t\t<div class=\"elementor-widget-container\">\n\t\t\t\t\t\t\t<h5 dir=\"auto\">Sporcu Beslenmesi\u00a0<\/h5><h5 dir=\"auto\">\u00a0<\/h5><h5 dir=\"auto\">\u00c7ocuklar\u0131n spor yaparken yeterli enerji ve besin almas\u0131, hem b\u00fcy\u00fcmelerini destekler hem de performanslar\u0131n\u0131 art\u0131r\u0131r. Sporcu beslenmesi, dengeli bir \u015fekilde karbonhidrat, protein, sa\u011fl\u0131kl\u0131 ya\u011flar, vitaminler ve mineraller i\u00e7ermelidir. Spor yapan \u00e7o\u00e7uklar\u0131n enerjisi, ya\u015flar\u0131na, boy ve kilolar\u0131na ba\u011fl\u0131 olarak farkl\u0131l\u0131k g\u00f6sterebilmektedir.\u00a0 Yeterli enerji almak antrenman s\u0131ras\u0131nda performans\u0131 art\u0131rmaktad\u0131r. Her \u00f6\u011f\u00fcn, karbonhidrat, protein ve sa\u011fl\u0131kl\u0131 ya\u011flar a\u00e7\u0131s\u0131ndan dengeli olmal\u0131d\u0131r. Ayr\u0131ca, sebze ve meyvelerle vitamin ve mineral al\u0131m\u0131nada \u00f6zen g\u00f6sterilmelidir. Sporcular, bireysel ihtiya\u00e7lar\u0131na g\u00f6re ki\u015fiselle\u015ftirilmi\u015f bir diyetle beslenmeli, sa\u011fl\u0131kl\u0131 al\u0131\u015fkanl\u0131klar edinmelidir. Online diyet programlar\u0131m\u0131zla, sporcu beslenmesini daha da etkili hale getirebilirsiniz.\u00a0<\/h5><h5 dir=\"auto\">Sa\u011fl\u0131kl\u0131 bir yolculu\u011fa birlikte \u00e7\u0131kmak i\u00e7in bizimle ileti\u015fime ge\u00e7meyi unutmay\u0131n.<\/h5>\t\t\t\t\t\t<\/div>\n\t\t\t\t<\/div>\n\t\t\t\t<\/div>\n\t\t\t\t\t<\/div>\n\t\t\t\t<\/div>\n\t\t\t\t<\/div>\n\t\t","protected":false},"excerpt":{"rendered":"<p>-SPORA YEN\u0130 BA\u015eLAYANLAR \u0130\u00c7\u0130N YEMEK VE BESLENME\u00a0\u00d6NER\u0130LER\u0130 -SPORA YEN\u0130 BA\u015eLAYANLAR \u0130\u00c7\u0130N YEMEK VE BESLENME\u00a0\u00d6NER\u0130LER\u0130 Sporcu Beslenmesi\u00a0 \u00a0 \u00c7ocuklar\u0131n spor yaparken yeterli enerji ve besin almas\u0131, hem b\u00fcy\u00fcmelerini destekler hem de performanslar\u0131n\u0131 art\u0131r\u0131r. Sporcu beslenmesi, dengeli bir \u015fekilde karbonhidrat, protein, sa\u011fl\u0131kl\u0131 ya\u011flar, vitaminler ve mineraller i\u00e7ermelidir. Spor yapan \u00e7o\u00e7uklar\u0131n enerjisi, ya\u015flar\u0131na, boy ve kilolar\u0131na ba\u011fl\u0131 olarak [&hellip;]<\/p>\n","protected":false},"author":1,"featured_media":0,"parent":0,"menu_order":0,"comment_status":"closed","ping_status":"closed","template":"page-templates\/other-pages.php","meta":{"footnotes":""},"class_list":["post-2447","page","type-page","status-publish","hentry"],"_links":{"self":[{"href":"https:\/\/secursports.com\/index.php?rest_route=\/wp\/v2\/pages\/2447","targetHints":{"allow":["GET"]}}],"collection":[{"href":"https:\/\/secursports.com\/index.php?rest_route=\/wp\/v2\/pages"}],"about":[{"href":"https:\/\/secursports.com\/index.php?rest_route=\/wp\/v2\/types\/page"}],"author":[{"embeddable":true,"href":"https:\/\/secursports.com\/index.php?rest_route=\/wp\/v2\/users\/1"}],"replies":[{"embeddable":true,"href":"https:\/\/secursports.com\/index.php?rest_route=%2Fwp%2Fv2%2Fcomments&post=2447"}],"version-history":[{"count":23,"href":"https:\/\/secursports.com\/index.php?rest_route=\/wp\/v2\/pages\/2447\/revisions"}],"predecessor-version":[{"id":2761,"href":"https:\/\/secursports.com\/index.php?rest_route=\/wp\/v2\/pages\/2447\/revisions\/2761"}],"wp:attachment":[{"href":"https:\/\/secursports.com\/index.php?rest_route=%2Fwp%2Fv2%2Fmedia&parent=2447"}],"curies":[{"name":"wp","href":"https:\/\/api.w.org\/{rel}","templated":true}]}}