{"id":2491,"date":"2024-10-23T13:01:28","date_gmt":"2024-10-23T10:01:28","guid":{"rendered":"https:\/\/secursports.com\/secure\/?page_id=2491"},"modified":"2024-10-25T16:13:53","modified_gmt":"2024-10-25T13:13:53","slug":"testler","status":"publish","type":"page","link":"https:\/\/secursports.com\/?page_id=2491","title":{"rendered":"Testlerimiz"},"content":{"rendered":"\t\t<div data-elementor-type=\"wp-page\" data-elementor-id=\"2491\" class=\"elementor elementor-2491\" data-elementor-post-type=\"page\">\n\t\t\t\t<div class=\"elementor-element elementor-element-5ec72ba e-flex e-con-boxed e-con e-parent\" data-id=\"5ec72ba\" data-element_type=\"container\" data-settings=\"{&quot;background_background&quot;:&quot;classic&quot;}\">\n\t\t\t\t\t<div class=\"e-con-inner\">\n\t\t\t\t<div class=\"elementor-element elementor-element-51a69a7 elementor-widget elementor-widget-gymfito_bmi_sliding_text\" data-id=\"51a69a7\" data-element_type=\"widget\" data-widget_type=\"gymfito_bmi_sliding_text.default\">\n\t\t\t\t<div class=\"elementor-widget-container\">\n\t\t\t\n        <div class=\"ak-height-135 ak-height-lg-80\"><\/div>\n        <section class=\"sliding-text type2\">\n            <div class=\"moving-section-wrap type2 ak-normal text-uppercase\">\n                <div class=\"moving-section-in\">\n                    <div class=\"moving-section\">\n                        <h4 class=\"moving-text type2\">\n                                                            <span>- Potansiyelini Yetenek Tan\u0131ma Testleriyle\u00a0Ke\u015ffet<\/span>\n                                                    <\/h4>\n                    <\/div>\n                    <div class=\"moving-section\">\n                        <h4 class=\"moving-text type2\">\n                                                            <span>- Potansiyelini Yetenek Tan\u0131ma Testleriyle\u00a0Ke\u015ffet<\/span>\n                                                    <\/h4>\n                    <\/div>\n                <\/div>\n            <\/div>\n        <\/section>\n\n        \t\t<\/div>\n\t\t\t\t<\/div>\n\t\t\t\t\t<\/div>\n\t\t\t\t<\/div>\n\t\t<div class=\"elementor-element elementor-element-3bbf0f4 e-flex e-con-boxed e-con e-parent\" data-id=\"3bbf0f4\" data-element_type=\"container\" data-settings=\"{&quot;background_background&quot;:&quot;classic&quot;}\">\n\t\t\t\t\t<div class=\"e-con-inner\">\n\t\t<div class=\"elementor-element elementor-element-b94bfab e-con-full e-flex e-con e-child\" data-id=\"b94bfab\" data-element_type=\"container\">\n\t\t\t\t<div class=\"elementor-element elementor-element-6c061e5 elementor-widget__width-initial elementor-widget elementor-widget-image\" data-id=\"6c061e5\" data-element_type=\"widget\" data-widget_type=\"image.default\">\n\t\t\t\t<div class=\"elementor-widget-container\">\n\t\t\t\t\t\t\t\t\t\t\t\t\t<img fetchpriority=\"high\" decoding=\"async\" width=\"963\" height=\"651\" src=\"https:\/\/secursports.com\/wp-content\/uploads\/2024\/10\/banner3.jpg\" class=\"attachment-large size-large wp-image-2281\" alt=\"\" srcset=\"https:\/\/secursports.com\/wp-content\/uploads\/2024\/10\/banner3.jpg 963w, https:\/\/secursports.com\/wp-content\/uploads\/2024\/10\/banner3-300x203.jpg 300w, https:\/\/secursports.com\/wp-content\/uploads\/2024\/10\/banner3-768x519.jpg 768w\" sizes=\"(max-width: 963px) 100vw, 963px\" \/>\t\t\t\t\t\t\t\t\t\t\t\t\t<\/div>\n\t\t\t\t<\/div>\n\t\t\t\t<\/div>\n\t\t<div class=\"elementor-element elementor-element-4f08ad9 e-con-full e-flex e-con e-child\" data-id=\"4f08ad9\" data-element_type=\"container\">\n\t\t\t\t<div class=\"elementor-element elementor-element-a18d0ef elementor-widget elementor-widget-heading\" data-id=\"a18d0ef\" data-element_type=\"widget\" data-widget_type=\"heading.default\">\n\t\t\t\t<div class=\"elementor-widget-container\">\n\t\t\t<h3 class=\"elementor-heading-title elementor-size-default\">TESTLER\u0130M\u0130Z<\/h3>\t\t<\/div>\n\t\t\t\t<\/div>\n\t\t\t\t<div class=\"elementor-element elementor-element-78187b1 elementor-widget elementor-widget-text-editor\" data-id=\"78187b1\" data-element_type=\"widget\" data-widget_type=\"text-editor.default\">\n\t\t\t\t<div class=\"elementor-widget-container\">\n\t\t\t\t\t\t\t<h4>20 Metre S\u00fcrat Testi<\/h4><h4>\u00c7eviklik Testi<\/h4><h4>Kula\u00e7 Testi<\/h4><h4>Boy Kilo Testi<\/h4><h4>Esneklik Testi<\/h4><h4>V\u00fccut Analizi Testi<\/h4><h4>Dikey S\u0131\u00e7rama Testi<\/h4><h4>Reaksiyon Testi<\/h4><h4>Pen\u00e7e Testi<\/h4><h4>Denge Testi<\/h4>\t\t\t\t\t\t<\/div>\n\t\t\t\t<\/div>\n\t\t\t\t<\/div>\n\t\t\t\t\t<\/div>\n\t\t\t\t<\/div>\n\t\t\t\t<\/div>\n\t\t","protected":false},"excerpt":{"rendered":"<p>&#8211; Potansiyelini Yetenek Tan\u0131ma Testleriyle\u00a0Ke\u015ffet &#8211; Potansiyelini Yetenek Tan\u0131ma Testleriyle\u00a0Ke\u015ffet TESTLER\u0130M\u0130Z 20 Metre S\u00fcrat Testi \u00c7eviklik Testi Kula\u00e7 Testi Boy Kilo Testi Esneklik Testi V\u00fccut Analizi Testi Dikey S\u0131\u00e7rama Testi Reaksiyon Testi Pen\u00e7e Testi Denge Testi<\/p>\n","protected":false},"author":1,"featured_media":0,"parent":0,"menu_order":0,"comment_status":"closed","ping_status":"closed","template":"page-templates\/other-pages.php","meta":{"footnotes":""},"class_list":["post-2491","page","type-page","status-publish","hentry"],"_links":{"self":[{"href":"https:\/\/secursports.com\/index.php?rest_route=\/wp\/v2\/pages\/2491","targetHints":{"allow":["GET"]}}],"collection":[{"href":"https:\/\/secursports.com\/index.php?rest_route=\/wp\/v2\/pages"}],"about":[{"href":"https:\/\/secursports.com\/index.php?rest_route=\/wp\/v2\/types\/page"}],"author":[{"embeddable":true,"href":"https:\/\/secursports.com\/index.php?rest_route=\/wp\/v2\/users\/1"}],"replies":[{"embeddable":true,"href":"https:\/\/secursports.com\/index.php?rest_route=%2Fwp%2Fv2%2Fcomments&post=2491"}],"version-history":[{"count":46,"href":"https:\/\/secursports.com\/index.php?rest_route=\/wp\/v2\/pages\/2491\/revisions"}],"predecessor-version":[{"id":2708,"href":"https:\/\/secursports.com\/index.php?rest_route=\/wp\/v2\/pages\/2491\/revisions\/2708"}],"wp:attachment":[{"href":"https:\/\/secursports.com\/index.php?rest_route=%2Fwp%2Fv2%2Fmedia&parent=2491"}],"curies":[{"name":"wp","href":"https:\/\/api.w.org\/{rel}","templated":true}]}}