{"id":2639,"date":"2024-10-23T20:56:33","date_gmt":"2024-10-23T17:56:33","guid":{"rendered":"https:\/\/secursports.com\/secure\/?page_id=2639"},"modified":"2024-10-23T21:07:34","modified_gmt":"2024-10-23T18:07:34","slug":"galeri","status":"publish","type":"page","link":"https:\/\/secursports.com\/?page_id=2639","title":{"rendered":"Galeri"},"content":{"rendered":"\t\t<div data-elementor-type=\"wp-page\" data-elementor-id=\"2639\" class=\"elementor elementor-2639\" data-elementor-post-type=\"page\">\n\t\t\t\t<div class=\"elementor-element elementor-element-5ec72ba e-flex e-con-boxed e-con e-parent\" data-id=\"5ec72ba\" data-element_type=\"container\" data-settings=\"{&quot;background_background&quot;:&quot;classic&quot;}\">\n\t\t\t\t\t<div class=\"e-con-inner\">\n\t\t\t\t<div class=\"elementor-element elementor-element-51a69a7 elementor-widget elementor-widget-gymfito_bmi_sliding_text\" data-id=\"51a69a7\" data-element_type=\"widget\" data-widget_type=\"gymfito_bmi_sliding_text.default\">\n\t\t\t\t<div class=\"elementor-widget-container\">\n\t\t\t\n        <div class=\"ak-height-135 ak-height-lg-80\"><\/div>\n        <section class=\"sliding-text type2\">\n            <div class=\"moving-section-wrap type2 ak-normal text-uppercase\">\n                <div class=\"moving-section-in\">\n                    <div class=\"moving-section\">\n                        <h4 class=\"moving-text type2\">\n                                                            <span>Yetene\u011fini ke\u015ffet hangi spor bran\u015f\u0131nda yetene\u011fin var ke\u015ffetmek\u00a0istemez\u00a0misin?<\/span>\n                                                    <\/h4>\n                    <\/div>\n                    <div class=\"moving-section\">\n                        <h4 class=\"moving-text type2\">\n                                                            <span>Yetene\u011fini ke\u015ffet hangi spor bran\u015f\u0131nda yetene\u011fin var ke\u015ffetmek\u00a0istemez\u00a0misin?<\/span>\n                                                    <\/h4>\n                    <\/div>\n                <\/div>\n            <\/div>\n        <\/section>\n\n        \t\t<\/div>\n\t\t\t\t<\/div>\n\t\t\t\t\t<\/div>\n\t\t\t\t<\/div>\n\t\t<div class=\"elementor-element elementor-element-dbf67ee e-flex e-con-boxed e-con e-parent\" data-id=\"dbf67ee\" data-element_type=\"container\" data-settings=\"{&quot;background_background&quot;:&quot;classic&quot;}\">\n\t\t\t\t\t<div class=\"e-con-inner\">\n\t\t<div class=\"elementor-element elementor-element-cb98d29 e-con-full e-flex e-con e-child\" data-id=\"cb98d29\" data-element_type=\"container\">\n\t\t\t\t<div class=\"elementor-element elementor-element-e3a0312 elementor-widget elementor-widget-image\" data-id=\"e3a0312\" data-element_type=\"widget\" data-widget_type=\"image.default\">\n\t\t\t\t<div class=\"elementor-widget-container\">\n\t\t\t\t\t\t\t\t\t\t\t\t\t\t<a href=\"https:\/\/secursports.com\/secure\/wp-content\/uploads\/2024\/10\/1.jpg\" data-elementor-open-lightbox=\"yes\" data-elementor-lightbox-title=\"1\" data-e-action-hash=\"#elementor-action%3Aaction%3Dlightbox%26settings%3DeyJpZCI6MjU1NywidXJsIjoiaHR0cHM6XC9cL3NlY3Vyc3BvcnRzLmNvbVwvd3AtY29udGVudFwvdXBsb2Fkc1wvMjAyNFwvMTBcLzEuanBnIn0%3D\">\n\t\t\t\t\t\t\t<img decoding=\"async\" src=\"https:\/\/secursports.com\/wp-content\/uploads\/elementor\/thumbs\/1-qvzeenb7g9vnxxpi8nf4ecrrmsvkqm4il5pc2s5zio.jpg\" title=\"1\" alt=\"\" loading=\"lazy\" \/>\t\t\t\t\t\t\t\t<\/a>\n\t\t\t\t\t\t\t\t\t\t\t\t\t<\/div>\n\t\t\t\t<\/div>\n\t\t\t\t<\/div>\n\t\t<div class=\"elementor-element elementor-element-2b3c927 e-con-full e-flex e-con e-child\" data-id=\"2b3c927\" data-element_type=\"container\">\n\t\t\t\t<div class=\"elementor-element elementor-element-150714b elementor-widget elementor-widget-image\" data-id=\"150714b\" data-element_type=\"widget\" data-widget_type=\"image.default\">\n\t\t\t\t<div class=\"elementor-widget-container\">\n\t\t\t\t\t\t\t\t\t\t\t\t\t\t<a href=\"https:\/\/secursports.com\/secure\/wp-content\/uploads\/2024\/10\/7.jpg\" data-elementor-open-lightbox=\"yes\" data-elementor-lightbox-title=\"7\" data-e-action-hash=\"#elementor-action%3Aaction%3Dlightbox%26settings%3DeyJpZCI6MjU2MywidXJsIjoiaHR0cHM6XC9cL3NlY3Vyc3BvcnRzLmNvbVwvd3AtY29udGVudFwvdXBsb2Fkc1wvMjAyNFwvMTBcLzcuanBnIn0%3D\">\n\t\t\t\t\t\t\t<img decoding=\"async\" src=\"https:\/\/secursports.com\/wp-content\/uploads\/elementor\/thumbs\/7-qvzeexnfjg9thnahk9w0ns5u61gm3a9kakvoctqnm8.jpg\" title=\"7\" alt=\"\" loading=\"lazy\" \/>\t\t\t\t\t\t\t\t<\/a>\n\t\t\t\t\t\t\t\t\t\t\t\t\t<\/div>\n\t\t\t\t<\/div>\n\t\t\t\t<\/div>\n\t\t<div class=\"elementor-element elementor-element-01a8b9c e-con-full e-flex e-con e-child\" data-id=\"01a8b9c\" data-element_type=\"container\">\n\t\t\t\t<div class=\"elementor-element elementor-element-bc1f7c1 elementor-widget elementor-widget-image\" data-id=\"bc1f7c1\" data-element_type=\"widget\" data-widget_type=\"image.default\">\n\t\t\t\t<div class=\"elementor-widget-container\">\n\t\t\t\t\t\t\t\t\t\t\t\t\t\t<a href=\"https:\/\/secursports.com\/secure\/wp-content\/uploads\/2024\/10\/5.jpg\" data-elementor-open-lightbox=\"yes\" data-elementor-lightbox-title=\"5\" data-e-action-hash=\"#elementor-action%3Aaction%3Dlightbox%26settings%3DeyJpZCI6MjU2MSwidXJsIjoiaHR0cHM6XC9cL3NlY3Vyc3BvcnRzLmNvbVwvd3AtY29udGVudFwvdXBsb2Fkc1wvMjAyNFwvMTBcLzUuanBnIn0%3D\">\n\t\t\t\t\t\t\t<img decoding=\"async\" src=\"https:\/\/secursports.com\/wp-content\/uploads\/elementor\/thumbs\/5-qvzeetw2s44o77fy689idt3zshz58humy29qfpw8b4.jpg\" title=\"5\" alt=\"\" loading=\"lazy\" \/>\t\t\t\t\t\t\t\t<\/a>\n\t\t\t\t\t\t\t\t\t\t\t\t\t<\/div>\n\t\t\t\t<\/div>\n\t\t\t\t<\/div>\n\t\t<div class=\"elementor-element elementor-element-af34690 e-con-full e-flex e-con e-child\" data-id=\"af34690\" data-element_type=\"container\">\n\t\t\t\t<div class=\"elementor-element elementor-element-b7837b6 elementor-widget elementor-widget-image\" data-id=\"b7837b6\" data-element_type=\"widget\" data-widget_type=\"image.default\">\n\t\t\t\t<div class=\"elementor-widget-container\">\n\t\t\t\t\t\t\t\t\t\t\t\t\t\t<a href=\"https:\/\/secursports.com\/secure\/wp-content\/uploads\/2024\/10\/4.jpg\" data-elementor-open-lightbox=\"yes\" data-elementor-lightbox-title=\"4\" data-e-action-hash=\"#elementor-action%3Aaction%3Dlightbox%26settings%3DeyJpZCI6MjU2MCwidXJsIjoiaHR0cHM6XC9cL3NlY3Vyc3BvcnRzLmNvbVwvd3AtY29udGVudFwvdXBsb2Fkc1wvMjAyNFwvMTBcLzQuanBnIn0%3D\">\n\t\t\t\t\t\t\t<img decoding=\"async\" src=\"https:\/\/secursports.com\/wp-content\/uploads\/elementor\/thumbs\/4-qvzeesy8la3dvlhbbpuvtbcj743s0sqwlxm8yfxmhc.jpg\" title=\"4\" alt=\"\" loading=\"lazy\" \/>\t\t\t\t\t\t\t\t<\/a>\n\t\t\t\t\t\t\t\t\t\t\t\t\t<\/div>\n\t\t\t\t<\/div>\n\t\t\t\t<\/div>\n\t\t<div class=\"elementor-element elementor-element-37df7f3 e-con-full e-flex e-con e-child\" data-id=\"37df7f3\" data-element_type=\"container\">\n\t\t\t\t<div class=\"elementor-element elementor-element-d10b963 elementor-widget elementor-widget-image\" data-id=\"d10b963\" data-element_type=\"widget\" data-widget_type=\"image.default\">\n\t\t\t\t<div class=\"elementor-widget-container\">\n\t\t\t\t\t\t\t\t\t\t\t\t\t\t<a href=\"https:\/\/secursports.com\/secure\/wp-content\/uploads\/2024\/10\/3.jpg\" data-elementor-open-lightbox=\"yes\" data-elementor-lightbox-title=\"3\" data-e-action-hash=\"#elementor-action%3Aaction%3Dlightbox%26settings%3DeyJpZCI6MjU1OSwidXJsIjoiaHR0cHM6XC9cL3NlY3Vyc3BvcnRzLmNvbVwvd3AtY29udGVudFwvdXBsb2Fkc1wvMjAyNFwvMTBcLzMuanBnIn0%3D\">\n\t\t\t\t\t\t\t<img decoding=\"async\" src=\"https:\/\/secursports.com\/wp-content\/uploads\/elementor\/thumbs\/3-qvzeer2k7m0t8dk1mp1mobtm0cd1lejfxob9zw0ets.jpg\" title=\"3\" alt=\"\" loading=\"lazy\" \/>\t\t\t\t\t\t\t\t<\/a>\n\t\t\t\t\t\t\t\t\t\t\t\t\t<\/div>\n\t\t\t\t<\/div>\n\t\t\t\t<\/div>\n\t\t<div class=\"elementor-element elementor-element-cd55caa e-con-full e-flex e-con e-child\" data-id=\"cd55caa\" data-element_type=\"container\">\n\t\t\t\t<div class=\"elementor-element elementor-element-fe7b690 elementor-widget elementor-widget-image\" data-id=\"fe7b690\" data-element_type=\"widget\" data-widget_type=\"image.default\">\n\t\t\t\t<div class=\"elementor-widget-container\">\n\t\t\t\t\t\t\t\t\t\t\t\t\t\t<a href=\"https:\/\/secursports.com\/secure\/wp-content\/uploads\/2024\/10\/2.jpg\" data-elementor-open-lightbox=\"yes\" data-elementor-lightbox-title=\"2\" data-e-action-hash=\"#elementor-action%3Aaction%3Dlightbox%26settings%3DeyJpZCI6MjU1OCwidXJsIjoiaHR0cHM6XC9cL3NlY3Vyc3BvcnRzLmNvbVwvd3AtY29udGVudFwvdXBsb2Fkc1wvMjAyNFwvMTBcLzIuanBnIn0%3D\">\n\t\t\t\t\t\t\t<img decoding=\"async\" src=\"https:\/\/secursports.com\/wp-content\/uploads\/elementor\/thumbs\/2-qvzeep6vtxy8l5mrxo8djcaotkmb60bz9f0b1c3768.jpg\" title=\"2\" alt=\"\" loading=\"lazy\" \/>\t\t\t\t\t\t\t\t<\/a>\n\t\t\t\t\t\t\t\t\t\t\t\t\t<\/div>\n\t\t\t\t<\/div>\n\t\t\t\t<\/div>\n\t\t\t\t\t<\/div>\n\t\t\t\t<\/div>\n\t\t\t\t<\/div>\n\t\t","protected":false},"excerpt":{"rendered":"<p>Yetene\u011fini ke\u015ffet hangi spor bran\u015f\u0131nda yetene\u011fin var ke\u015ffetmek\u00a0istemez\u00a0misin? Yetene\u011fini ke\u015ffet hangi spor bran\u015f\u0131nda yetene\u011fin var ke\u015ffetmek\u00a0istemez\u00a0misin?<\/p>\n","protected":false},"author":1,"featured_media":0,"parent":0,"menu_order":0,"comment_status":"closed","ping_status":"closed","template":"page-templates\/other-pages.php","meta":{"footnotes":""},"class_list":["post-2639","page","type-page","status-publish","hentry"],"_links":{"self":[{"href":"https:\/\/secursports.com\/index.php?rest_route=\/wp\/v2\/pages\/2639","targetHints":{"allow":["GET"]}}],"collection":[{"href":"https:\/\/secursports.com\/index.php?rest_route=\/wp\/v2\/pages"}],"about":[{"href":"https:\/\/secursports.com\/index.php?rest_route=\/wp\/v2\/types\/page"}],"author":[{"embeddable":true,"href":"https:\/\/secursports.com\/index.php?rest_route=\/wp\/v2\/users\/1"}],"replies":[{"embeddable":true,"href":"https:\/\/secursports.com\/index.php?rest_route=%2Fwp%2Fv2%2Fcomments&post=2639"}],"version-history":[{"count":7,"href":"https:\/\/secursports.com\/index.php?rest_route=\/wp\/v2\/pages\/2639\/revisions"}],"predecessor-version":[{"id":2646,"href":"https:\/\/secursports.com\/index.php?rest_route=\/wp\/v2\/pages\/2639\/revisions\/2646"}],"wp:attachment":[{"href":"https:\/\/secursports.com\/index.php?rest_route=%2Fwp%2Fv2%2Fmedia&parent=2639"}],"curies":[{"name":"wp","href":"https:\/\/api.w.org\/{rel}","templated":true}]}}