{"id":544,"date":"2024-08-07T12:54:23","date_gmt":"2024-08-07T12:54:23","guid":{"rendered":"https:\/\/wpriverthemes.com\/gymfito\/?page_id=544"},"modified":"2024-10-22T00:23:54","modified_gmt":"2024-10-21T21:23:54","slug":"about-us","status":"publish","type":"page","link":"https:\/\/secursports.com\/?page_id=544","title":{"rendered":"Hakk\u0131m\u0131zda"},"content":{"rendered":"\t\t<div data-elementor-type=\"wp-page\" data-elementor-id=\"544\" class=\"elementor elementor-544\" data-elementor-post-type=\"page\">\n\t\t\t\t<div class=\"elementor-element elementor-element-5ec72ba e-flex e-con-boxed e-con e-parent\" data-id=\"5ec72ba\" data-element_type=\"container\" data-settings=\"{&quot;background_background&quot;:&quot;classic&quot;}\">\n\t\t\t\t\t<div class=\"e-con-inner\">\n\t\t\t\t<div class=\"elementor-element elementor-element-51a69a7 elementor-widget elementor-widget-gymfito_bmi_sliding_text\" data-id=\"51a69a7\" data-element_type=\"widget\" data-widget_type=\"gymfito_bmi_sliding_text.default\">\n\t\t\t\t<div class=\"elementor-widget-container\">\n\t\t\t\n        <div class=\"ak-height-135 ak-height-lg-80\"><\/div>\n        <section class=\"sliding-text type2\">\n            <div class=\"moving-section-wrap type2 ak-normal text-uppercase\">\n                <div class=\"moving-section-in\">\n                    <div class=\"moving-section\">\n                        <h4 class=\"moving-text type2\">\n                                                            <span>Yetene\u011fini ke\u015ffet hangi spor bran\u015f\u0131nda yetene\u011fin var ke\u015ffetmek\u00a0istemez\u00a0misin?<\/span>\n                                                    <\/h4>\n                    <\/div>\n                    <div class=\"moving-section\">\n                        <h4 class=\"moving-text type2\">\n                                                            <span>Yetene\u011fini ke\u015ffet hangi spor bran\u015f\u0131nda yetene\u011fin var ke\u015ffetmek\u00a0istemez\u00a0misin?<\/span>\n                                                    <\/h4>\n                    <\/div>\n                <\/div>\n            <\/div>\n        <\/section>\n\n        \t\t<\/div>\n\t\t\t\t<\/div>\n\t\t\t\t\t<\/div>\n\t\t\t\t<\/div>\n\t\t<div class=\"elementor-element elementor-element-3bbf0f4 e-flex e-con-boxed e-con e-parent\" data-id=\"3bbf0f4\" data-element_type=\"container\" data-settings=\"{&quot;background_background&quot;:&quot;classic&quot;}\">\n\t\t\t\t\t<div class=\"e-con-inner\">\n\t\t<div class=\"elementor-element elementor-element-b94bfab e-con-full e-flex e-con e-child\" data-id=\"b94bfab\" data-element_type=\"container\">\n\t\t\t\t<div class=\"elementor-element elementor-element-6c061e5 elementor-widget elementor-widget-image\" data-id=\"6c061e5\" data-element_type=\"widget\" data-widget_type=\"image.default\">\n\t\t\t\t<div class=\"elementor-widget-container\">\n\t\t\t\t\t\t\t\t\t\t\t\t\t<img fetchpriority=\"high\" decoding=\"async\" width=\"963\" height=\"651\" src=\"https:\/\/secursports.com\/wp-content\/uploads\/2024\/10\/banner3.jpg\" class=\"attachment-large size-large wp-image-2281\" alt=\"\" srcset=\"https:\/\/secursports.com\/wp-content\/uploads\/2024\/10\/banner3.jpg 963w, https:\/\/secursports.com\/wp-content\/uploads\/2024\/10\/banner3-300x203.jpg 300w, https:\/\/secursports.com\/wp-content\/uploads\/2024\/10\/banner3-768x519.jpg 768w\" sizes=\"(max-width: 963px) 100vw, 963px\" \/>\t\t\t\t\t\t\t\t\t\t\t\t\t<\/div>\n\t\t\t\t<\/div>\n\t\t\t\t<\/div>\n\t\t<div class=\"elementor-element elementor-element-4f08ad9 e-con-full e-flex e-con e-child\" data-id=\"4f08ad9\" data-element_type=\"container\">\n\t\t\t\t<div class=\"elementor-element elementor-element-a18d0ef elementor-widget elementor-widget-heading\" data-id=\"a18d0ef\" data-element_type=\"widget\" data-widget_type=\"heading.default\">\n\t\t\t\t<div class=\"elementor-widget-container\">\n\t\t\t<h3 class=\"elementor-heading-title elementor-size-default\">Hakk\u0131m\u0131zda<\/h3>\t\t<\/div>\n\t\t\t\t<\/div>\n\t\t\t\t<div class=\"elementor-element elementor-element-78187b1 elementor-widget elementor-widget-text-editor\" data-id=\"78187b1\" data-element_type=\"widget\" data-widget_type=\"text-editor.default\">\n\t\t\t\t<div class=\"elementor-widget-container\">\n\t\t\t\t\t\t\t<p>Sa\u011fl\u0131kl\u0131 ve hareketli ya\u015fam\u0131n gere\u011fi olarak toplumda spor yapma k\u00fclt\u00fcr\u00fcn\u00fc geli\u015ftirmek, sporun geni\u015f kitlelere yayg\u0131nla\u015ft\u0131r\u0131lmas\u0131yla \u00e7ocuk ve gen\u00e7lere sporu sevdirerek onlar\u0131 sporla tan\u0131\u015ft\u0131rmak, spora ba\u015flama ya\u015f\u0131nda bulunan yetenekli \u00e7ocuklar\u0131 tespit ederek spor dallar\u0131na y\u00f6nlendirmek ve \u00fcst d\u00fczey sporcu olarak yeti\u015ftirilmelerini sa\u011flamakt\u0131r.<\/p>\t\t\t\t\t\t<\/div>\n\t\t\t\t<\/div>\n\t\t\t\t<\/div>\n\t\t\t\t\t<\/div>\n\t\t\t\t<\/div>\n\t\t\t\t<\/div>\n\t\t","protected":false},"excerpt":{"rendered":"<p>Yetene\u011fini ke\u015ffet hangi spor bran\u015f\u0131nda yetene\u011fin var ke\u015ffetmek\u00a0istemez\u00a0misin? Yetene\u011fini ke\u015ffet hangi spor bran\u015f\u0131nda yetene\u011fin var ke\u015ffetmek\u00a0istemez\u00a0misin? Hakk\u0131m\u0131zda Sa\u011fl\u0131kl\u0131 ve hareketli ya\u015fam\u0131n gere\u011fi olarak toplumda spor yapma k\u00fclt\u00fcr\u00fcn\u00fc geli\u015ftirmek, sporun geni\u015f kitlelere yayg\u0131nla\u015ft\u0131r\u0131lmas\u0131yla \u00e7ocuk ve gen\u00e7lere sporu sevdirerek onlar\u0131 sporla tan\u0131\u015ft\u0131rmak, spora ba\u015flama ya\u015f\u0131nda bulunan yetenekli \u00e7ocuklar\u0131 tespit ederek spor dallar\u0131na y\u00f6nlendirmek ve \u00fcst d\u00fczey sporcu [&hellip;]<\/p>\n","protected":false},"author":1,"featured_media":0,"parent":0,"menu_order":0,"comment_status":"closed","ping_status":"closed","template":"page-templates\/other-pages.php","meta":{"footnotes":""},"class_list":["post-544","page","type-page","status-publish","hentry"],"_links":{"self":[{"href":"https:\/\/secursports.com\/index.php?rest_route=\/wp\/v2\/pages\/544","targetHints":{"allow":["GET"]}}],"collection":[{"href":"https:\/\/secursports.com\/index.php?rest_route=\/wp\/v2\/pages"}],"about":[{"href":"https:\/\/secursports.com\/index.php?rest_route=\/wp\/v2\/types\/page"}],"author":[{"embeddable":true,"href":"https:\/\/secursports.com\/index.php?rest_route=\/wp\/v2\/users\/1"}],"replies":[{"embeddable":true,"href":"https:\/\/secursports.com\/index.php?rest_route=%2Fwp%2Fv2%2Fcomments&post=544"}],"version-history":[{"count":8,"href":"https:\/\/secursports.com\/index.php?rest_route=\/wp\/v2\/pages\/544\/revisions"}],"predecessor-version":[{"id":2331,"href":"https:\/\/secursports.com\/index.php?rest_route=\/wp\/v2\/pages\/544\/revisions\/2331"}],"wp:attachment":[{"href":"https:\/\/secursports.com\/index.php?rest_route=%2Fwp%2Fv2%2Fmedia&parent=544"}],"curies":[{"name":"wp","href":"https:\/\/api.w.org\/{rel}","templated":true}]}}